{"id":1658,"date":"2022-11-02T19:30:43","date_gmt":"2022-11-02T18:30:43","guid":{"rendered":"https:\/\/www.terra-energy-projects.com\/iletisim\/"},"modified":"2023-12-26T12:49:37","modified_gmt":"2023-12-26T11:49:37","slug":"iletisim","status":"publish","type":"page","link":"https:\/\/www.terra-energy-projects.com\/en\/iletisim\/","title":{"rendered":"\u0130leti\u015fim"},"content":{"rendered":"\n<p>TEP ve  <\/p>\n\n<p>hizmetlerimizle ilgilendi\u011finiz i\u00e7in mutluyuz.<\/p>\n\n<p class=\"has-medium-font-size\"><strong>TEP<\/strong><strong> <\/strong><strong>\u0130stanbul \/ T<\/strong><strong>\u00fcrkiye<\/strong><\/p>\n\n<p>Ali Kemal Ko\u00e7<\/p>\n\n<p>Key Account Manager Turkey + MEA<\/p>\n\n<p>TEL: +90 216 373 0061<\/p>\n\n<p>GSM: +90 553 088 0061<\/p>\n\n<p>FAX: +90 216 464 0061<\/p>\n\n<p>E: a.koc(at)tep-projects.com<\/p>\n\n<p class=\"has-medium-font-size\"><strong>TEP &#8211; Terra Energy Projects GmbH<\/strong><\/p>\n\n<p>Curtiusstr. 34<\/p>\n\n<p>12205 Berlin<\/p>\n\n<p>Germany<\/p>\n\n<p>M: +49 160 2356 168<\/p>\n\n<p>P: +49 3371 4048 334<\/p>\n\n<p>F: +49 3222 1096 180<\/p>\n\n<p>E: info(at)tep-projects.com<\/p>\n\n<p>Kolay bir ileti\u015fim i\u00e7in ileti\u015fim formumuzu kullanabilirsiniz.  <\/p>\n\n<p>Hemen sizinle ileti\u015fim kuraca\u011f\u0131z.<\/p>\n","protected":false},"excerpt":{"rendered":"<p>TEP ve hizmetlerimizle ilgilendi\u011finiz i\u00e7in mutluyuz. TEP \u0130stanbul \/ T\u00fcrkiye Ali Kemal Ko\u00e7 Key Account Manager Turkey + MEA TEL: +90 216 373 0061 GSM: +90 553 088 0061 FAX: +90 216 464 0061 E: a.koc(at)tep-projects.com TEP &#8211; Terra Energy Projects GmbH Curtiusstr. 34 12205 Berlin Germany M: +49 160 2356 168 P: +49 3371 [&hellip;]<\/p>\n","protected":false},"author":6,"featured_media":1394,"parent":0,"menu_order":0,"comment_status":"closed","ping_status":"closed","template":"","meta":{"footnotes":""},"class_list":["post-1658","page","type-page","status-publish","has-post-thumbnail","hentry"],"yoast_head":"<!-- This site is optimized with the Yoast SEO plugin v27.5 - https:\/\/yoast.com\/product\/yoast-seo-wordpress\/ -->\n<title>\u0130leti\u015fim - TEP - Terra Energy Projects GmbH<\/title>\n<meta name=\"robots\" content=\"index, follow, max-snippet:-1, max-image-preview:large, max-video-preview:-1\" \/>\n<link rel=\"canonical\" href=\"https:\/\/www.terra-energy-projects.com\/en\/iletisim\/\" \/>\n<meta property=\"og:locale\" content=\"en_US\" \/>\n<meta property=\"og:type\" content=\"article\" \/>\n<meta property=\"og:title\" content=\"\u0130leti\u015fim - TEP - Terra Energy Projects GmbH\" \/>\n<meta property=\"og:description\" content=\"TEP ve hizmetlerimizle ilgilendi\u011finiz i\u00e7in mutluyuz. TEP \u0130stanbul \/ T\u00fcrkiye Ali Kemal Ko\u00e7 Key Account Manager Turkey + MEA TEL: +90 216 373 0061 GSM: +90 553 088 0061 FAX: +90 216 464 0061 E: a.koc(at)tep-projects.com TEP &#8211; Terra Energy Projects GmbH Curtiusstr. 34 12205 Berlin Germany M: +49 160 2356 168 P: +49 3371 [&hellip;]\" \/>\n<meta property=\"og:url\" content=\"https:\/\/www.terra-energy-projects.com\/en\/iletisim\/\" \/>\n<meta property=\"og:site_name\" content=\"TEP - Terra Energy Projects GmbH\" \/>\n<meta property=\"article:modified_time\" content=\"2023-12-26T11:49:37+00:00\" \/>\n<meta property=\"og:image\" content=\"https:\/\/www.terra-energy-projects.com\/wp-content\/uploads\/2019\/02\/Screen-Shot-2019-02-10-at-7.56.31-PM.png\" \/>\n\t<meta property=\"og:image:width\" content=\"1418\" \/>\n\t<meta property=\"og:image:height\" content=\"800\" \/>\n\t<meta property=\"og:image:type\" content=\"image\/png\" \/>\n<meta name=\"twitter:card\" content=\"summary_large_image\" \/>\n<script type=\"application\/ld+json\" class=\"yoast-schema-graph\">{\"@context\":\"https:\\\/\\\/schema.org\",\"@graph\":[{\"@type\":\"WebPage\",\"@id\":\"https:\\\/\\\/www.terra-energy-projects.com\\\/en\\\/iletisim\\\/\",\"url\":\"https:\\\/\\\/www.terra-energy-projects.com\\\/en\\\/iletisim\\\/\",\"name\":\"\u0130leti\u015fim - TEP - Terra Energy Projects GmbH\",\"isPartOf\":{\"@id\":\"https:\\\/\\\/www.terra-energy-projects.com\\\/#website\"},\"primaryImageOfPage\":{\"@id\":\"https:\\\/\\\/www.terra-energy-projects.com\\\/en\\\/iletisim\\\/#primaryimage\"},\"image\":{\"@id\":\"https:\\\/\\\/www.terra-energy-projects.com\\\/en\\\/iletisim\\\/#primaryimage\"},\"thumbnailUrl\":\"https:\\\/\\\/www.terra-energy-projects.com\\\/wp-content\\\/uploads\\\/2019\\\/02\\\/Screen-Shot-2019-02-10-at-7.56.31-PM.png\",\"datePublished\":\"2022-11-02T18:30:43+00:00\",\"dateModified\":\"2023-12-26T11:49:37+00:00\",\"breadcrumb\":{\"@id\":\"https:\\\/\\\/www.terra-energy-projects.com\\\/en\\\/iletisim\\\/#breadcrumb\"},\"inLanguage\":\"en-US\",\"potentialAction\":[{\"@type\":\"ReadAction\",\"target\":[\"https:\\\/\\\/www.terra-energy-projects.com\\\/en\\\/iletisim\\\/\"]}]},{\"@type\":\"ImageObject\",\"inLanguage\":\"en-US\",\"@id\":\"https:\\\/\\\/www.terra-energy-projects.com\\\/en\\\/iletisim\\\/#primaryimage\",\"url\":\"https:\\\/\\\/www.terra-energy-projects.com\\\/wp-content\\\/uploads\\\/2019\\\/02\\\/Screen-Shot-2019-02-10-at-7.56.31-PM.png\",\"contentUrl\":\"https:\\\/\\\/www.terra-energy-projects.com\\\/wp-content\\\/uploads\\\/2019\\\/02\\\/Screen-Shot-2019-02-10-at-7.56.31-PM.png\",\"width\":1418,\"height\":800},{\"@type\":\"BreadcrumbList\",\"@id\":\"https:\\\/\\\/www.terra-energy-projects.com\\\/en\\\/iletisim\\\/#breadcrumb\",\"itemListElement\":[{\"@type\":\"ListItem\",\"position\":1,\"name\":\"Startseite\",\"item\":\"https:\\\/\\\/www.terra-energy-projects.com\\\/\"},{\"@type\":\"ListItem\",\"position\":2,\"name\":\"\u0130leti\u015fim\"}]},{\"@type\":\"WebSite\",\"@id\":\"https:\\\/\\\/www.terra-energy-projects.com\\\/#website\",\"url\":\"https:\\\/\\\/www.terra-energy-projects.com\\\/\",\"name\":\"TEP - Terra Energy Projects GmbH\",\"description\":\"\",\"potentialAction\":[{\"@type\":\"SearchAction\",\"target\":{\"@type\":\"EntryPoint\",\"urlTemplate\":\"https:\\\/\\\/www.terra-energy-projects.com\\\/?s={search_term_string}\"},\"query-input\":{\"@type\":\"PropertyValueSpecification\",\"valueRequired\":true,\"valueName\":\"search_term_string\"}}],\"inLanguage\":\"en-US\"}]}<\/script>\n<!-- \/ Yoast SEO plugin. -->","yoast_head_json":{"title":"\u0130leti\u015fim - TEP - Terra Energy Projects GmbH","robots":{"index":"index","follow":"follow","max-snippet":"max-snippet:-1","max-image-preview":"max-image-preview:large","max-video-preview":"max-video-preview:-1"},"canonical":"https:\/\/www.terra-energy-projects.com\/en\/iletisim\/","og_locale":"en_US","og_type":"article","og_title":"\u0130leti\u015fim - TEP - Terra Energy Projects GmbH","og_description":"TEP ve hizmetlerimizle ilgilendi\u011finiz i\u00e7in mutluyuz. TEP \u0130stanbul \/ T\u00fcrkiye Ali Kemal Ko\u00e7 Key Account Manager Turkey + MEA TEL: +90 216 373 0061 GSM: +90 553 088 0061 FAX: +90 216 464 0061 E: a.koc(at)tep-projects.com TEP &#8211; Terra Energy Projects GmbH Curtiusstr. 34 12205 Berlin Germany M: +49 160 2356 168 P: +49 3371 [&hellip;]","og_url":"https:\/\/www.terra-energy-projects.com\/en\/iletisim\/","og_site_name":"TEP - Terra Energy Projects GmbH","article_modified_time":"2023-12-26T11:49:37+00:00","og_image":[{"width":1418,"height":800,"url":"https:\/\/www.terra-energy-projects.com\/wp-content\/uploads\/2019\/02\/Screen-Shot-2019-02-10-at-7.56.31-PM.png","type":"image\/png"}],"twitter_card":"summary_large_image","schema":{"@context":"https:\/\/schema.org","@graph":[{"@type":"WebPage","@id":"https:\/\/www.terra-energy-projects.com\/en\/iletisim\/","url":"https:\/\/www.terra-energy-projects.com\/en\/iletisim\/","name":"\u0130leti\u015fim - TEP - Terra Energy Projects GmbH","isPartOf":{"@id":"https:\/\/www.terra-energy-projects.com\/#website"},"primaryImageOfPage":{"@id":"https:\/\/www.terra-energy-projects.com\/en\/iletisim\/#primaryimage"},"image":{"@id":"https:\/\/www.terra-energy-projects.com\/en\/iletisim\/#primaryimage"},"thumbnailUrl":"https:\/\/www.terra-energy-projects.com\/wp-content\/uploads\/2019\/02\/Screen-Shot-2019-02-10-at-7.56.31-PM.png","datePublished":"2022-11-02T18:30:43+00:00","dateModified":"2023-12-26T11:49:37+00:00","breadcrumb":{"@id":"https:\/\/www.terra-energy-projects.com\/en\/iletisim\/#breadcrumb"},"inLanguage":"en-US","potentialAction":[{"@type":"ReadAction","target":["https:\/\/www.terra-energy-projects.com\/en\/iletisim\/"]}]},{"@type":"ImageObject","inLanguage":"en-US","@id":"https:\/\/www.terra-energy-projects.com\/en\/iletisim\/#primaryimage","url":"https:\/\/www.terra-energy-projects.com\/wp-content\/uploads\/2019\/02\/Screen-Shot-2019-02-10-at-7.56.31-PM.png","contentUrl":"https:\/\/www.terra-energy-projects.com\/wp-content\/uploads\/2019\/02\/Screen-Shot-2019-02-10-at-7.56.31-PM.png","width":1418,"height":800},{"@type":"BreadcrumbList","@id":"https:\/\/www.terra-energy-projects.com\/en\/iletisim\/#breadcrumb","itemListElement":[{"@type":"ListItem","position":1,"name":"Startseite","item":"https:\/\/www.terra-energy-projects.com\/"},{"@type":"ListItem","position":2,"name":"\u0130leti\u015fim"}]},{"@type":"WebSite","@id":"https:\/\/www.terra-energy-projects.com\/#website","url":"https:\/\/www.terra-energy-projects.com\/","name":"TEP - Terra Energy Projects GmbH","description":"","potentialAction":[{"@type":"SearchAction","target":{"@type":"EntryPoint","urlTemplate":"https:\/\/www.terra-energy-projects.com\/?s={search_term_string}"},"query-input":{"@type":"PropertyValueSpecification","valueRequired":true,"valueName":"search_term_string"}}],"inLanguage":"en-US"}]}},"_links":{"self":[{"href":"https:\/\/www.terra-energy-projects.com\/en\/wp-json\/wp\/v2\/pages\/1658","targetHints":{"allow":["GET"]}}],"collection":[{"href":"https:\/\/www.terra-energy-projects.com\/en\/wp-json\/wp\/v2\/pages"}],"about":[{"href":"https:\/\/www.terra-energy-projects.com\/en\/wp-json\/wp\/v2\/types\/page"}],"author":[{"embeddable":true,"href":"https:\/\/www.terra-energy-projects.com\/en\/wp-json\/wp\/v2\/users\/6"}],"replies":[{"embeddable":true,"href":"https:\/\/www.terra-energy-projects.com\/en\/wp-json\/wp\/v2\/comments?post=1658"}],"version-history":[{"count":1,"href":"https:\/\/www.terra-energy-projects.com\/en\/wp-json\/wp\/v2\/pages\/1658\/revisions"}],"predecessor-version":[{"id":1662,"href":"https:\/\/www.terra-energy-projects.com\/en\/wp-json\/wp\/v2\/pages\/1658\/revisions\/1662"}],"wp:featuredmedia":[{"embeddable":true,"href":"https:\/\/www.terra-energy-projects.com\/en\/wp-json\/wp\/v2\/media\/1394"}],"wp:attachment":[{"href":"https:\/\/www.terra-energy-projects.com\/en\/wp-json\/wp\/v2\/media?parent=1658"}],"curies":[{"name":"wp","href":"https:\/\/api.w.org\/{rel}","templated":true}]}}