{"id":1709,"date":"2022-11-02T19:30:43","date_gmt":"2022-11-02T18:30:43","guid":{"rendered":"https:\/\/www.terra-energy-projects.com\/ticari-ve-enduestriyel-fotovoltaik-sistemler-2\/"},"modified":"2023-12-26T12:49:37","modified_gmt":"2023-12-26T11:49:37","slug":"ticari-ve-enduestriyel-fotovoltaik-sistemler-2","status":"publish","type":"page","link":"https:\/\/www.terra-energy-projects.com\/tr\/ticari-ve-enduestriyel-fotovoltaik-sistemler-2\/","title":{"rendered":"Ticari ve end\u00fcstriyel fotovoltaik sistemler"},"content":{"rendered":"\n<p class=\"has-vivid-green-cyan-color has-text-color\"><br\/>Fotovoltaik sistem kullanarak, uygun maliyetli ve sa\u011flam yat\u0131r\u0131m ile elektrik \u00fcretilir<\/p>\n\n<p>Ticari ve end\u00fcstriyel fotovoltaik sistemler alan\u0131nda, TEP&#8217;in ana oda\u011f\u0131 yakla\u015f\u0131k 1 MW&#8217;a kadar olan \u00e7at\u0131 sistemleri ve cephe projeleridir. Ancak, di\u011fer uygulamalarda hizmet verilmektedir. Di\u011fer enerji kaynaklar\u0131, dizel jenat\u00f6rler, fotovoltaik, ak\u00fc depolamas\u0131 veya hibrit sistemler gibi \u00e7e\u015fitli enerji sistemlerinin entegrasyonu standart\u0131m\u0131zd\u0131r. Ayr\u0131ca, elektromobilite uygulamalar\u0131n\u0131n entegrasyonu da m\u00fcmk\u00fcnd\u00fcr. Fotovoltaik sistemler uygularken, TEP en y\u00fcksek g\u00fcvenlik \u015fartlar\u0131na dayanan cama-cam, iki g\u00fcvenlik cam\u0131 aras\u0131nda lamine edilen diyotlar ile en g\u00fcvenli g\u00fcne\u015f mod\u00fcl\u00fc teknolojisinin yan\u0131 s\u0131ra &#8220;Made in Germany&#8221; \u00fcr\u00fcn ve teknolojisini kullan\u0131r.<\/p>\n\n<p>Hizmet yelpazemiz a\u015fa\u011f\u0131daki i\u015f alanlar\u0131n\u0131 tan\u0131mlar:<\/p>\n\n<p>&#8211; Dan\u0131\u015fmanl\u0131k<\/p>\n\n<p>&#8211; Proje geli\u015ftirme ve proje planlama<\/p>\n\n<p>&#8211; EPC olarak proje ger\u00e7ekle\u015ftirme<\/p>\n\n<p>&#8211; Servis ve bak\u0131m<\/p>\n\n<p><\/p>\n\n<p><strong>Dan\u0131\u015fmanl\u0131k<\/strong><\/p>\n\n<p class=\"has-vivid-green-cyan-color has-text-color\">Uluslararas\u0131 fotovoltaik segmentinde uzun y\u0131llar s\u00fcren uygulamalara dayal\u0131 dan\u0131\u015fmanl\u0131k<\/p>\n\n<p>TEP ekibinin fotovoltaik alan\u0131ndaki uzun y\u0131llard\u0131r uluslararas\u0131 tecr\u00fcbesi, fotovoltaik uygulamalar\u0131n t\u00fcm alanlar\u0131nda g\u00fcvenilir tavsiyeler vermektedir.<\/p>\n\n<p>Teknik dan\u0131\u015fmanl\u0131k alan\u0131ndaki hizmetlerimizin detaylar\u0131:<\/p>\n\n<p>&#8211; Enerji y\u00f6netimi analizleri<\/p>\n\n<p>&#8211; Bireysel enerji kavramlar\u0131n\u0131n geli\u015ftirilmesi<\/p>\n\n<p>&#8211; Fizibilite \u00e7al\u0131\u015fmalar\u0131<\/p>\n\n<p>&#8211; Conum analizi<\/p>\n\n<p>&#8211; K\u1eadrl\u0131l\u0131k hesaplamalar\u0131<\/p>\n\n<p>&#8211; Prosed\u00fcrlerin onaylar\u0131n\u0131n olu\u015fturulmas\u0131<\/p>\n\n<p>&#8211; fotovoltai\u0307k si\u0307stem planlamasi<\/p>\n\n<p>&#8211; Proje Y\u00f6netimi<\/p>\n\n<p>&#8211; Kurulum, devreye alma ve kabue kadarl takip etme<\/p>\n\n<p><\/p>\n\n<p><strong>Proje geli\u015ftirme ve planlama<\/strong><\/p>\n\n<p class=\"has-vivid-green-cyan-color has-text-color\">T\u00fcm i\u015flem zinciri boyunca kalite ve g\u00fcvenilirli\u011fi garanti eder<\/p>\n\n<p>S\u00fcrd\u00fcr\u00fclebilirlik a\u00e7\u0131s\u0131ndan g\u00fcvenli bir fotovoltaik enerji santralinin ortaya \u00e7\u0131k\u0131\u015f\u0131 sa\u011flam ve g\u00fcvenilir bir planlama temeliyle ba\u015flar. Bu, konum ve teknik ko\u015fullar, verim ve k\u1eadrl\u0131l\u0131k hesaplamalar\u0131, fizibilite \u00e7al\u0131\u015fmalar\u0131, planlanan proje ad\u0131mlar\u0131n\u0131n onay\u0131, hizmet tan\u0131mlar\u0131, \u00f6deme ve in\u015faat zaman \u00e7izelgeleri gibi dok\u00fcmanlar\u0131n haz\u0131rlanmas\u0131na ili\u015fkin konum analizlerini i\u00e7erir.<\/p>\n\n<p>Proje geli\u015ftirme ve proje planlama alan\u0131ndaki hizmetlerimiz:  <\/p>\n\n<p>&#8211; \u00d6n planlama<\/p>\n\n<p>&#8211; Onaylar\u0131n alnma planlamas\u0131<\/p>\n\n<p>&#8211; Uygulaman\u0131n tasar\u0131m\u0131<\/p>\n\n<p>&#8211; \u015fartname<\/p>\n\n<p><\/p>\n\n<p><strong>Proje ger\u00e7ekle\u015ftirme<\/strong><\/p>\n\n<p class=\"has-vivid-green-cyan-color has-text-color\">Tam EPC hizmeti, tek bir kaynaktan proje ger\u00e7ekle\u015ftirme anlam\u0131na gelir<\/p>\n\n<p>Sorumlu genel m\u00fcteahhit (GU) olarak TEP, PV sisteminizin zaman\u0131nda ve anahtar teslimi yap\u0131m\u0131na y\u00f6nelik olarak, projeyle ilgili t\u00fcm m\u00fchendislik, tedarik ve in\u015faat (EPC) \u00f6nlemlerini sa\u011flar TEP, teknik proje planlamadan par\u00e7a tedarikine ve PV sisteminizin in\u015fas\u0131na ve kabul\u00fcne kadar geni\u015f bir yelpazeyi ger\u00e7ekle\u015ftirmektedir. Bu ayn\u0131 zamanda projeyle ilgili lojistik ve saha planlamas\u0131n\u0131 da i\u00e7erir, montaj ve montaj i\u015flerinin y\u00fcr\u00fct\u00fclmesi, saha y\u00f6netimi ve proje y\u00f6netimi, a\u011f entegrasyonunun planlanmas\u0131 ve varsa acil durum g\u00fc\u00e7 sistemlerinin entegrasyonu.<\/p>\n\n<p>Proje ger\u00e7ekle\u015ftirme alan\u0131ndaki hizmetlerimize genel bak\u0131\u015f:<\/p>\n\n<p>&#8211; Onay s\u00fcrecinde destek<\/p>\n\n<p>&#8211; Montaj da igerekli evraklar\u0131n olu\u015fturulmas\u0131<\/p>\n\n<p>&#8211; Proje Y\u00f6netimi<\/p>\n\n<p>&#8211; \u0130n\u015faat Y\u00f6netimi<\/p>\n\n<p>&#8211; Devreye alma ve kabul<\/p>\n\n<p>&#8211; Belgeler olu\u015fturmas\u0131<\/p>\n\n<p><\/p>\n\n<p><strong>Servis ve bak\u0131m<\/strong><\/p>\n\n<p class=\"has-vivid-green-cyan-color has-text-color\">Optimum verimlilik ve maksimum getiri tesisin sorunsuz i\u015fletimini gerektirir<\/p>\n\n<p>Sisteminizin ba\u015far\u0131yla devreye al\u0131nmas\u0131ndan sonra, TEP teknik sistem izlemesini de devralacak. Bu, yaln\u0131zca uzaktan izleme ile de\u011fil, ayn\u0131 zamanda yerel olarak TEP Ofislerimiz taraf\u0131ndan sahada da yap\u0131l\u0131r. Ayr\u0131ca, TEP servis ekipleri d\u00fczenli olarak sistemleri denetler ve gerekti\u011finde bak\u0131m \u00e7al\u0131\u015fmalar\u0131 yapar Ek olarak, TEP servis ekipleri d\u00fczenli olarak ekipman\u0131 denetler ve gerekti\u011finde yerinde bak\u0131m veya onar\u0131m yapar. B\u00f6ylece, sistemin i\u015fleyi\u015fini m\u00fckemmel bir durum garanti edilebilir. Ya\u015fam d\u00f6ng\u00fcs\u00fc boyunca, enerji \u00fcretimi en \u00fcst d\u00fczeye \u00e7\u0131kar\u0131labilir ve aksama s\u00fcresi en aza indirilebilir.<\/p>\n\n<p>Sat\u0131\u015f sonras\u0131 servis alan\u0131ndaki hizmetlerimiz detayl\u0131 olarak:<\/p>\n\n<p>&#8211; Operasyonel kullan\u0131labilirlik ve performans sa\u011flamak<\/p>\n\n<p>&#8211; Tesis i\u015fletme verilerinin uzaktan izlenmesi<\/p>\n\n<p>&#8211; Ayl\u0131k operasyonel raporlar\u0131n olu\u015fturulmas\u0131<\/p>\n\n<p>&#8211; Bak\u0131m d\u00f6ng\u00fclerini izlemek ve garantiler i\u00e7in son teslim tarihlerini izlemek<\/p>\n\n<p>&#8211; Onar\u0131c\u0131 bak\u0131m<\/p>\n\n<p>&#8211; Devreye Al\u0131m ve Bak\u0131m<\/p>\n\n<p>TEP m\u00fc\u015fterileri, sistemleri i\u00e7in farkl\u0131, bireysel olarak uyarlanm\u0131\u015f servis konseptleri aras\u0131nda se\u00e7im yapabilir.<\/p>\n\n<p>TEP, tesisin t\u00fcm kullan\u0131m \u00f6mr\u00fc boyunca &#8211; tesisin i\u015fletimi ile ilgili sorular\u0131n yan\u0131 s\u0131ra teknik sorular i\u00e7in uygun bir irtibat noktas\u0131d\u0131r.<\/p>\n","protected":false},"excerpt":{"rendered":"<p>Fotovoltaik sistem kullanarak, uygun maliyetli ve sa\u011flam yat\u0131r\u0131m ile elektrik \u00fcretilir Ticari ve end\u00fcstriyel fotovoltaik sistemler alan\u0131nda, TEP&#8217;in ana oda\u011f\u0131 yakla\u015f\u0131k 1 MW&#8217;a kadar olan \u00e7at\u0131 sistemleri ve cephe projeleridir. Ancak, di\u011fer uygulamalarda hizmet verilmektedir. Di\u011fer enerji kaynaklar\u0131, dizel jenat\u00f6rler, fotovoltaik, ak\u00fc depolamas\u0131 veya hibrit sistemler gibi \u00e7e\u015fitli enerji sistemlerinin entegrasyonu standart\u0131m\u0131zd\u0131r. Ayr\u0131ca, elektromobilite uygulamalar\u0131n\u0131n [&hellip;]<\/p>\n","protected":false},"author":6,"featured_media":1399,"parent":0,"menu_order":0,"comment_status":"closed","ping_status":"closed","template":"","meta":{"footnotes":""},"class_list":["post-1709","page","type-page","status-publish","has-post-thumbnail","hentry"],"yoast_head":"<!-- This site is optimized with the Yoast SEO plugin v27.6 - https:\/\/yoast.com\/product\/yoast-seo-wordpress\/ -->\n<title>Ticari ve end\u00fcstriyel fotovoltaik sistemler - TEP - Terra Energy Projects GmbH<\/title>\n<meta name=\"robots\" content=\"index, follow, max-snippet:-1, max-image-preview:large, max-video-preview:-1\" \/>\n<link rel=\"canonical\" href=\"https:\/\/www.terra-energy-projects.com\/tr\/ticari-ve-enduestriyel-fotovoltaik-sistemler-2\/\" \/>\n<meta property=\"og:locale\" content=\"tr_TR\" \/>\n<meta property=\"og:type\" content=\"article\" \/>\n<meta property=\"og:title\" content=\"Ticari ve end\u00fcstriyel fotovoltaik sistemler - TEP - Terra Energy Projects GmbH\" \/>\n<meta property=\"og:description\" content=\"Fotovoltaik sistem kullanarak, uygun maliyetli ve sa\u011flam yat\u0131r\u0131m ile elektrik \u00fcretilir Ticari ve end\u00fcstriyel fotovoltaik sistemler alan\u0131nda, TEP&#8217;in ana oda\u011f\u0131 yakla\u015f\u0131k 1 MW&#8217;a kadar olan \u00e7at\u0131 sistemleri ve cephe projeleridir. Ancak, di\u011fer uygulamalarda hizmet verilmektedir. Di\u011fer enerji kaynaklar\u0131, dizel jenat\u00f6rler, fotovoltaik, ak\u00fc depolamas\u0131 veya hibrit sistemler gibi \u00e7e\u015fitli enerji sistemlerinin entegrasyonu standart\u0131m\u0131zd\u0131r. Ayr\u0131ca, elektromobilite uygulamalar\u0131n\u0131n [&hellip;]\" \/>\n<meta property=\"og:url\" content=\"https:\/\/www.terra-energy-projects.com\/tr\/ticari-ve-enduestriyel-fotovoltaik-sistemler-2\/\" \/>\n<meta property=\"og:site_name\" content=\"TEP - Terra Energy Projects GmbH\" \/>\n<meta property=\"article:modified_time\" content=\"2023-12-26T11:49:37+00:00\" \/>\n<meta property=\"og:image\" content=\"https:\/\/www.terra-energy-projects.com\/wp-content\/uploads\/2019\/02\/Screen-Shot-2019-02-10-at-8.00.19-PM.png\" \/>\n\t<meta property=\"og:image:width\" content=\"1430\" \/>\n\t<meta property=\"og:image:height\" content=\"794\" \/>\n\t<meta property=\"og:image:type\" content=\"image\/png\" \/>\n<meta name=\"twitter:card\" content=\"summary_large_image\" \/>\n<meta name=\"twitter:label1\" content=\"Tahmini okuma s\u00fcresi\" \/>\n\t<meta name=\"twitter:data1\" content=\"4 dakika\" \/>\n<script type=\"application\/ld+json\" class=\"yoast-schema-graph\">{\"@context\":\"https:\\\/\\\/schema.org\",\"@graph\":[{\"@type\":\"WebPage\",\"@id\":\"https:\\\/\\\/www.terra-energy-projects.com\\\/tr\\\/ticari-ve-enduestriyel-fotovoltaik-sistemler-2\\\/\",\"url\":\"https:\\\/\\\/www.terra-energy-projects.com\\\/tr\\\/ticari-ve-enduestriyel-fotovoltaik-sistemler-2\\\/\",\"name\":\"Ticari ve end\u00fcstriyel fotovoltaik sistemler - TEP - Terra Energy Projects GmbH\",\"isPartOf\":{\"@id\":\"https:\\\/\\\/www.terra-energy-projects.com\\\/#website\"},\"primaryImageOfPage\":{\"@id\":\"https:\\\/\\\/www.terra-energy-projects.com\\\/tr\\\/ticari-ve-enduestriyel-fotovoltaik-sistemler-2\\\/#primaryimage\"},\"image\":{\"@id\":\"https:\\\/\\\/www.terra-energy-projects.com\\\/tr\\\/ticari-ve-enduestriyel-fotovoltaik-sistemler-2\\\/#primaryimage\"},\"thumbnailUrl\":\"https:\\\/\\\/www.terra-energy-projects.com\\\/wp-content\\\/uploads\\\/2019\\\/02\\\/Screen-Shot-2019-02-10-at-8.00.19-PM.png\",\"datePublished\":\"2022-11-02T18:30:43+00:00\",\"dateModified\":\"2023-12-26T11:49:37+00:00\",\"breadcrumb\":{\"@id\":\"https:\\\/\\\/www.terra-energy-projects.com\\\/tr\\\/ticari-ve-enduestriyel-fotovoltaik-sistemler-2\\\/#breadcrumb\"},\"inLanguage\":\"tr\",\"potentialAction\":[{\"@type\":\"ReadAction\",\"target\":[\"https:\\\/\\\/www.terra-energy-projects.com\\\/tr\\\/ticari-ve-enduestriyel-fotovoltaik-sistemler-2\\\/\"]}]},{\"@type\":\"ImageObject\",\"inLanguage\":\"tr\",\"@id\":\"https:\\\/\\\/www.terra-energy-projects.com\\\/tr\\\/ticari-ve-enduestriyel-fotovoltaik-sistemler-2\\\/#primaryimage\",\"url\":\"https:\\\/\\\/www.terra-energy-projects.com\\\/wp-content\\\/uploads\\\/2019\\\/02\\\/Screen-Shot-2019-02-10-at-8.00.19-PM.png\",\"contentUrl\":\"https:\\\/\\\/www.terra-energy-projects.com\\\/wp-content\\\/uploads\\\/2019\\\/02\\\/Screen-Shot-2019-02-10-at-8.00.19-PM.png\",\"width\":1430,\"height\":794},{\"@type\":\"BreadcrumbList\",\"@id\":\"https:\\\/\\\/www.terra-energy-projects.com\\\/tr\\\/ticari-ve-enduestriyel-fotovoltaik-sistemler-2\\\/#breadcrumb\",\"itemListElement\":[{\"@type\":\"ListItem\",\"position\":1,\"name\":\"Startseite\",\"item\":\"https:\\\/\\\/www.terra-energy-projects.com\\\/\"},{\"@type\":\"ListItem\",\"position\":2,\"name\":\"Ticari ve end\u00fcstriyel fotovoltaik sistemler\"}]},{\"@type\":\"WebSite\",\"@id\":\"https:\\\/\\\/www.terra-energy-projects.com\\\/#website\",\"url\":\"https:\\\/\\\/www.terra-energy-projects.com\\\/\",\"name\":\"TEP - Terra Energy Projects GmbH\",\"description\":\"\",\"potentialAction\":[{\"@type\":\"SearchAction\",\"target\":{\"@type\":\"EntryPoint\",\"urlTemplate\":\"https:\\\/\\\/www.terra-energy-projects.com\\\/?s={search_term_string}\"},\"query-input\":{\"@type\":\"PropertyValueSpecification\",\"valueRequired\":true,\"valueName\":\"search_term_string\"}}],\"inLanguage\":\"tr\"}]}<\/script>\n<!-- \/ Yoast SEO plugin. -->","yoast_head_json":{"title":"Ticari ve end\u00fcstriyel fotovoltaik sistemler - TEP - Terra Energy Projects GmbH","robots":{"index":"index","follow":"follow","max-snippet":"max-snippet:-1","max-image-preview":"max-image-preview:large","max-video-preview":"max-video-preview:-1"},"canonical":"https:\/\/www.terra-energy-projects.com\/tr\/ticari-ve-enduestriyel-fotovoltaik-sistemler-2\/","og_locale":"tr_TR","og_type":"article","og_title":"Ticari ve end\u00fcstriyel fotovoltaik sistemler - TEP - Terra Energy Projects GmbH","og_description":"Fotovoltaik sistem kullanarak, uygun maliyetli ve sa\u011flam yat\u0131r\u0131m ile elektrik \u00fcretilir Ticari ve end\u00fcstriyel fotovoltaik sistemler alan\u0131nda, TEP&#8217;in ana oda\u011f\u0131 yakla\u015f\u0131k 1 MW&#8217;a kadar olan \u00e7at\u0131 sistemleri ve cephe projeleridir. Ancak, di\u011fer uygulamalarda hizmet verilmektedir. Di\u011fer enerji kaynaklar\u0131, dizel jenat\u00f6rler, fotovoltaik, ak\u00fc depolamas\u0131 veya hibrit sistemler gibi \u00e7e\u015fitli enerji sistemlerinin entegrasyonu standart\u0131m\u0131zd\u0131r. Ayr\u0131ca, elektromobilite uygulamalar\u0131n\u0131n [&hellip;]","og_url":"https:\/\/www.terra-energy-projects.com\/tr\/ticari-ve-enduestriyel-fotovoltaik-sistemler-2\/","og_site_name":"TEP - Terra Energy Projects GmbH","article_modified_time":"2023-12-26T11:49:37+00:00","og_image":[{"width":1430,"height":794,"url":"https:\/\/www.terra-energy-projects.com\/wp-content\/uploads\/2019\/02\/Screen-Shot-2019-02-10-at-8.00.19-PM.png","type":"image\/png"}],"twitter_card":"summary_large_image","twitter_misc":{"Tahmini okuma s\u00fcresi":"4 dakika"},"schema":{"@context":"https:\/\/schema.org","@graph":[{"@type":"WebPage","@id":"https:\/\/www.terra-energy-projects.com\/tr\/ticari-ve-enduestriyel-fotovoltaik-sistemler-2\/","url":"https:\/\/www.terra-energy-projects.com\/tr\/ticari-ve-enduestriyel-fotovoltaik-sistemler-2\/","name":"Ticari ve end\u00fcstriyel fotovoltaik sistemler - TEP - Terra Energy Projects GmbH","isPartOf":{"@id":"https:\/\/www.terra-energy-projects.com\/#website"},"primaryImageOfPage":{"@id":"https:\/\/www.terra-energy-projects.com\/tr\/ticari-ve-enduestriyel-fotovoltaik-sistemler-2\/#primaryimage"},"image":{"@id":"https:\/\/www.terra-energy-projects.com\/tr\/ticari-ve-enduestriyel-fotovoltaik-sistemler-2\/#primaryimage"},"thumbnailUrl":"https:\/\/www.terra-energy-projects.com\/wp-content\/uploads\/2019\/02\/Screen-Shot-2019-02-10-at-8.00.19-PM.png","datePublished":"2022-11-02T18:30:43+00:00","dateModified":"2023-12-26T11:49:37+00:00","breadcrumb":{"@id":"https:\/\/www.terra-energy-projects.com\/tr\/ticari-ve-enduestriyel-fotovoltaik-sistemler-2\/#breadcrumb"},"inLanguage":"tr","potentialAction":[{"@type":"ReadAction","target":["https:\/\/www.terra-energy-projects.com\/tr\/ticari-ve-enduestriyel-fotovoltaik-sistemler-2\/"]}]},{"@type":"ImageObject","inLanguage":"tr","@id":"https:\/\/www.terra-energy-projects.com\/tr\/ticari-ve-enduestriyel-fotovoltaik-sistemler-2\/#primaryimage","url":"https:\/\/www.terra-energy-projects.com\/wp-content\/uploads\/2019\/02\/Screen-Shot-2019-02-10-at-8.00.19-PM.png","contentUrl":"https:\/\/www.terra-energy-projects.com\/wp-content\/uploads\/2019\/02\/Screen-Shot-2019-02-10-at-8.00.19-PM.png","width":1430,"height":794},{"@type":"BreadcrumbList","@id":"https:\/\/www.terra-energy-projects.com\/tr\/ticari-ve-enduestriyel-fotovoltaik-sistemler-2\/#breadcrumb","itemListElement":[{"@type":"ListItem","position":1,"name":"Startseite","item":"https:\/\/www.terra-energy-projects.com\/"},{"@type":"ListItem","position":2,"name":"Ticari ve end\u00fcstriyel fotovoltaik sistemler"}]},{"@type":"WebSite","@id":"https:\/\/www.terra-energy-projects.com\/#website","url":"https:\/\/www.terra-energy-projects.com\/","name":"TEP - Terra Energy Projects GmbH","description":"","potentialAction":[{"@type":"SearchAction","target":{"@type":"EntryPoint","urlTemplate":"https:\/\/www.terra-energy-projects.com\/?s={search_term_string}"},"query-input":{"@type":"PropertyValueSpecification","valueRequired":true,"valueName":"search_term_string"}}],"inLanguage":"tr"}]}},"_links":{"self":[{"href":"https:\/\/www.terra-energy-projects.com\/tr\/wp-json\/wp\/v2\/pages\/1709","targetHints":{"allow":["GET"]}}],"collection":[{"href":"https:\/\/www.terra-energy-projects.com\/tr\/wp-json\/wp\/v2\/pages"}],"about":[{"href":"https:\/\/www.terra-energy-projects.com\/tr\/wp-json\/wp\/v2\/types\/page"}],"author":[{"embeddable":true,"href":"https:\/\/www.terra-energy-projects.com\/tr\/wp-json\/wp\/v2\/users\/6"}],"replies":[{"embeddable":true,"href":"https:\/\/www.terra-energy-projects.com\/tr\/wp-json\/wp\/v2\/comments?post=1709"}],"version-history":[{"count":1,"href":"https:\/\/www.terra-energy-projects.com\/tr\/wp-json\/wp\/v2\/pages\/1709\/revisions"}],"predecessor-version":[{"id":1717,"href":"https:\/\/www.terra-energy-projects.com\/tr\/wp-json\/wp\/v2\/pages\/1709\/revisions\/1717"}],"wp:featuredmedia":[{"embeddable":true,"href":"https:\/\/www.terra-energy-projects.com\/tr\/wp-json\/wp\/v2\/media\/1399"}],"wp:attachment":[{"href":"https:\/\/www.terra-energy-projects.com\/tr\/wp-json\/wp\/v2\/media?parent=1709"}],"curies":[{"name":"wp","href":"https:\/\/api.w.org\/{rel}","templated":true}]}}